{"id":9551,"date":"2020-08-27T09:32:41","date_gmt":"2020-08-27T07:32:41","guid":{"rendered":"https:\/\/icmontinicb.edu.it\/site\/?page_id=9551"},"modified":"2023-04-13T10:53:28","modified_gmt":"2023-04-13T08:53:28","slug":"avanguardie-educative","status":"publish","type":"page","link":"https:\/\/www.icmontinicb.edu.it\/site\/avanguardie-educative\/","title":{"rendered":"Avanguardie educative"},"content":{"rendered":"\t\t<div data-elementor-type=\"wp-page\" data-elementor-id=\"9551\" class=\"elementor elementor-9551\" data-elementor-post-type=\"page\">\n\t\t\t\t\t\t<section class=\"has_eae_slider elementor-section elementor-top-section elementor-element elementor-element-264efa4 elementor-section-boxed elementor-section-height-default elementor-section-height-default\" data-eae-slider=\"81704\" data-id=\"264efa4\" data-element_type=\"section\" data-e-type=\"section\">\n\t\t\t\t\t\t<div class=\"elementor-container elementor-column-gap-default\">\n\t\t\t\t\t<div class=\"has_eae_slider elementor-column elementor-col-33 elementor-top-column elementor-element elementor-element-a3ab259\" data-eae-slider=\"3326\" data-id=\"a3ab259\" data-element_type=\"column\" data-e-type=\"column\">\n\t\t\t<div class=\"elementor-widget-wrap\">\n\t\t\t\t\t\t\t<\/div>\n\t\t<\/div>\n\t\t\t\t<div class=\"has_eae_slider elementor-column elementor-col-66 elementor-top-column elementor-element elementor-element-b260dd1\" data-eae-slider=\"6194\" data-id=\"b260dd1\" data-element_type=\"column\" data-e-type=\"column\">\n\t\t\t<div class=\"elementor-widget-wrap elementor-element-populated\">\n\t\t\t\t\t\t<div class=\"elementor-element elementor-element-7d6478a elementor-grid-2 elementor-grid-tablet-2 elementor-grid-mobile-1 elementor-posts--thumbnail-top elementor-card-shadow-yes elementor-posts__hover-gradient elementor-widget elementor-widget-posts\" data-id=\"7d6478a\" data-element_type=\"widget\" data-e-type=\"widget\" data-settings=\"{&quot;cards_columns&quot;:&quot;2&quot;,&quot;pagination_type&quot;:&quot;prev_next&quot;,&quot;cards_columns_tablet&quot;:&quot;2&quot;,&quot;cards_columns_mobile&quot;:&quot;1&quot;,&quot;cards_row_gap&quot;:{&quot;unit&quot;:&quot;px&quot;,&quot;size&quot;:35,&quot;sizes&quot;:[]},&quot;cards_row_gap_tablet&quot;:{&quot;unit&quot;:&quot;px&quot;,&quot;size&quot;:&quot;&quot;,&quot;sizes&quot;:[]},&quot;cards_row_gap_mobile&quot;:{&quot;unit&quot;:&quot;px&quot;,&quot;size&quot;:&quot;&quot;,&quot;sizes&quot;:[]}}\" data-widget_type=\"posts.cards\">\n\t\t\t\t<div class=\"elementor-widget-container\">\n\t\t\t\t\t\t\t<div class=\"elementor-posts-container elementor-posts elementor-posts--skin-cards elementor-grid\" role=\"list\">\n\t\t\t\t<article class=\"elementor-post elementor-grid-item post-10336 post type-post status-publish format-standard hentry category-avanguardie-educative\" role=\"listitem\">\n\t\t\t<div class=\"elementor-post__card\">\n\t\t\t\t<div class=\"elementor-post__text\">\n\t\t\t\t<h3 class=\"elementor-post__title\">\n\t\t\t<a href=\"https:\/\/www.icmontinicb.edu.it\/site\/avanguardie-educative\/avanguardie-educative-oltre-le-discipline\/\" target=&quot;_blank&quot;>\n\t\t\t\tAVANGUARDIE EDUCATIVE, OLTRE LE DISCIPLINE\t\t\t<\/a>\n\t\t<\/h3>\n\t\t\t\t<div class=\"elementor-post__excerpt\">\n\t\t\t<p>A partire dall\u2019A.S. 2019\/2020 due classi della scuola primaria dell\u2019Istituto Comprensivo Leopoldo Montini di Campobasso hanno aderito alla sperimentazione nazionale sulle Avanguardie Educative promossa dall\u2019INDIRE<\/p>\n\t\t<\/div>\n\t\t\n\t\t<a class=\"elementor-post__read-more\" href=\"https:\/\/www.icmontinicb.edu.it\/site\/avanguardie-educative\/avanguardie-educative-oltre-le-discipline\/\" aria-label=\"Leggi tutto AVANGUARDIE EDUCATIVE, OLTRE LE DISCIPLINE\" tabindex=\"-1\" target=\"_blank\">\n\t\t\tLeggi Tutto \u00bb\t\t<\/a>\n\n\t\t\t\t<\/div>\n\t\t\t\t<div class=\"elementor-post__meta-data\">\n\t\t\t\t\t<span class=\"elementor-post-date\">\n\t\t\t9 Dicembre 2020\t\t<\/span>\n\t\t\t\t<\/div>\n\t\t\t\t\t<\/div>\n\t\t<\/article>\n\t\t\t\t<\/div>\n\t\t\n\t\t\t\t\t\t<\/div>\n\t\t\t\t<\/div>\n\t\t\t\t<div class=\"elementor-element elementor-element-cd44dda elementor-widget elementor-widget-spacer\" data-id=\"cd44dda\" data-element_type=\"widget\" data-e-type=\"widget\" data-widget_type=\"spacer.default\">\n\t\t\t\t<div class=\"elementor-widget-container\">\n\t\t\t\t\t\t\t<div class=\"elementor-spacer\">\n\t\t\t<div class=\"elementor-spacer-inner\"><\/div>\n\t\t<\/div>\n\t\t\t\t\t\t<\/div>\n\t\t\t\t<\/div>\n\t\t\t\t<div class=\"elementor-element elementor-element-d17a3e1 eae-icon-view-default elementor-widget elementor-widget-wts-textseparator\" data-id=\"d17a3e1\" data-element_type=\"widget\" data-e-type=\"widget\" data-widget_type=\"wts-textseparator.default\">\n\t\t\t\t<div class=\"elementor-widget-container\">\n\t\t\t\t\t\t\t<div class=\"wts-eae-textseparator sep-align- icon-yes icon-after title-yes\" >\n\t\t\t<div class=\"eae-sep-holder sep-left\">\n\t\t\t\t<div class=\"eae-sep-lines\"><\/div>\n\t\t\t<\/div>\n\n\t\t\t\n\t\t\t<h3 class=\"eae-separator-title\">\u201cOltre le discipline\u201d a.s. 2020\/21<\/h3>\n\t\t\t\n\t\t\t<div class=\"eae-sep-holder sep-right\">\n\t\t\t\t<div class=\"eae-sep-lines\"><\/div>\n\t\t\t<\/div>\n\t\t<\/div>\n\t\t\t\t\t\t<\/div>\n\t\t\t\t<\/div>\n\t\t\t\t<section class=\"has_eae_slider elementor-section elementor-inner-section elementor-element elementor-element-de764b3 elementor-section-full_width elementor-section-height-default elementor-section-height-default\" data-eae-slider=\"7087\" data-id=\"de764b3\" data-element_type=\"section\" data-e-type=\"section\">\n\t\t\t\t\t\t<div class=\"elementor-container elementor-column-gap-default\">\n\t\t\t\t\t<div class=\"has_eae_slider elementor-column elementor-col-50 elementor-inner-column elementor-element elementor-element-fbd56bf\" data-eae-slider=\"46159\" data-id=\"fbd56bf\" data-element_type=\"column\" data-e-type=\"column\">\n\t\t\t<div class=\"elementor-widget-wrap elementor-element-populated\">\n\t\t\t\t\t\t<div class=\"elementor-element elementor-element-2a110e4 elementor-widget elementor-widget-text-editor\" data-id=\"2a110e4\" data-element_type=\"widget\" data-e-type=\"widget\" data-widget_type=\"text-editor.default\">\n\t\t\t\t<div class=\"elementor-widget-container\">\n\t\t\t\t\t\t\t\t\t<p style=\"text-align: center;\">SCUOLA PRIMARIA \u201cG. PAOLO II\u201d<br \/>ANNO SCOLASTICO 2020\/2021<br \/>CLASSI: IV A &#8211; IVB<\/p><p align=\"justify\">Le classi IV A e IV B presentano le drammaturgie e i prodotti digitali dal titolo \u201cViaggio nel borgo antico con Delicata Civerra\u201d e \u201cFonzo e Delicata: l\u2019amore nella storia\u201d frutto del percorso rientrante nella seconda annualit\u00e0 del progetto avanguardie educative dal titolo <i>\u201cOltre le discipline\u201d<\/i>.<\/p><p>La 4^ B \u00e8 partita dalla storia di Marco e Sara ideata in fase progettuale secondo le indicazioni della sperimentazione stessa. La narrazione \u00e8 stata arricchita di parti dialogiche e contenutistiche grazie all\u2019 \u2019immaginazione e alla fantasia degli alunni.<br \/>Nella storia i due bambini si ritrovano nella vecchia soffitta della nonna e trovano un vecchio libro che si rivela essere una portale temporale che li catapulta nella Campobasso del XVI secolo, qui avviene l\u2019incontro con Delicata Civerra, personaggio leggendario campobassano, che li immerge nei colori, nei suoni e nei profumi dell\u2019antico borgo cittadino, per poi raccontare a fondo la sua storia. Il viaggio nel tempo si conclude con Delicata che invita i protagonisti a conoscere e amare la propria citt\u00e0, nonch\u00e8 a riportare il borgo agli antichi splendori.<\/p><p>La drammaturgia ideata dai bambini della classe 4^ A nasce dalla rielaborazione della leggenda di Delicata Civerra, ed ha come fine ultimo sia la conoscenza e la divulgazione della stessa, sia la volont\u00e0 di condividere le bellezze del patrimonio culturale del Molise. Gli alunni, analizzando le fonti, si sono resi conto che oltre al profondo amore che legava i due giovanissimi protagonisti, c\u2019era all\u2019interno della storia, un totale \u201cnon rispetto\u201d dei diritti delle persone. Hanno letto di lotte molto forti per accaparrarsi il territorio, hanno assistito a liti furibonde tra le due fazioni per non far sposare i due protagonisti.<br \/>Riscrivendo la storia, hanno approfondito con le loro maestre, il tema dei diritti umani che in questo racconto sono tutti completamente violati; l\u2019immagine del disagio giovanile li ha colpiti molto: due giovani ragazzi che non potevano esprimere le loro opinioni e che dovevano<br \/>sottostare alle scelte delle loro famiglie per marcare il territorio. Insomma, la nostra \u00e8 una storia di violazione dei diritti umani in cui il pi\u00f9 forte vince sul pi\u00f9 debole!<\/p><p>Gli alunni delle due classi hanno letto diversi testi storici su \u201cFonzo e Delicata\u201d, hanno visionato il video cartonato presente su youtube, hanno raccolto materiale dal sito dell\u2019Associazione del Centro Storico di Campobasso e, cooperando, hanno dato vita alle due opere che inglobano anche il lavoro didattico sui diritti, cos\u00ec come previsto dal percorso di educazione alla legalit\u00e0 d\u2019Istituto e sull\u2019educazione civica. Le drammaturgie sono state scritte durante la didattica in presenza nel primo quadrimestre. I disegni e le registrazioni vocali sono stati prodotti nei mesi di febbraio-marzo, periodo della didattica a distanza. Le difficolt\u00e0 non sono state poche! Per realizzare i video allegati sono state utilizzate foto e registrazioni condivise sulla Classroom. Alcuni disegni andavano ritoccati e alcune scritte andavano corrette, ma nel complesso i docenti di classe si ritengono pienamente soddisfatti di quanto realizzato.<\/p>\t\t\t\t\t\t\t\t<\/div>\n\t\t\t\t<\/div>\n\t\t\t\t\t<\/div>\n\t\t<\/div>\n\t\t\t\t<div class=\"has_eae_slider elementor-column elementor-col-50 elementor-inner-column elementor-element elementor-element-905c9fe\" data-eae-slider=\"35872\" data-id=\"905c9fe\" data-element_type=\"column\" data-e-type=\"column\">\n\t\t\t<div class=\"elementor-widget-wrap elementor-element-populated\">\n\t\t\t\t\t\t<div class=\"elementor-element elementor-element-6d9120a elementor-flip-box--direction-right elementor-flip-box--effect-flip elementor-widget elementor-widget-flip-box\" data-id=\"6d9120a\" data-element_type=\"widget\" data-e-type=\"widget\" data-widget_type=\"flip-box.default\">\n\t\t\t\t<div class=\"elementor-widget-container\">\n\t\t\t\t\t\t\t<div class=\"elementor-flip-box\" tabindex=\"0\">\n\t\t\t<div class=\"elementor-flip-box__layer elementor-flip-box__front\">\n\t\t\t\t<div class=\"elementor-flip-box__layer__overlay\">\n\t\t\t\t\t<div class=\"elementor-flip-box__layer__inner\">\n\t\t\t\t\t\t\n\t\t\t\t\t\t\n\t\t\t\t\t\t\t\t\t\t\t<\/div>\n\t\t\t\t<\/div>\n\t\t\t<\/div>\n\t\t\t<a class=\"elementor-flip-box__layer elementor-flip-box__back\" href=\"https:\/\/icmontinicb.edu.it\/site\/wp-content\/uploads\/2021\/05\/1620734467_Fonzo_e_Delicata._L_amore_nella_storia__avanguardie_2__281_29__281_29.pdf\" download=\"\">\n\t\t\t<div class=\"elementor-flip-box__layer__overlay\">\n\t\t\t\t<div class=\"elementor-flip-box__layer__inner\">\n\t\t\t\t\t\n\t\t\t\t\t\n\t\t\t\t\t\t\t\t\t\t\t<span class=\"elementor-flip-box__button elementor-button elementor-size-sm\">\n\t\t\t\t\t\t\tCLICCA QUI\t\t\t\t\t\t<\/span>\n\t\t\t\t\t\t\t\t<\/div>\n\t\t<\/div>\n\t\t<\/a>\n\t\t<\/div>\n\t\t\t\t\t\t<\/div>\n\t\t\t\t<\/div>\n\t\t\t\t<div class=\"elementor-element elementor-element-af58b20 elementor-widget__width-auto elementor-headline--style-highlight elementor-widget elementor-widget-animated-headline\" data-id=\"af58b20\" data-element_type=\"widget\" data-e-type=\"widget\" data-settings=\"{&quot;highlighted_text&quot;:&quot; DELICATA CIVERRA&quot;,&quot;headline_style&quot;:&quot;highlight&quot;,&quot;marker&quot;:&quot;circle&quot;,&quot;loop&quot;:&quot;yes&quot;,&quot;highlight_animation_duration&quot;:1200,&quot;highlight_iteration_delay&quot;:8000}\" data-widget_type=\"animated-headline.default\">\n\t\t\t\t<div class=\"elementor-widget-container\">\n\t\t\t\t\t\t\t<h6 class=\"elementor-headline\">\n\t\t\t\t\t<span class=\"elementor-headline-plain-text elementor-headline-text-wrapper\">VIAGGIO NEL BORGO ANTICO CON<\/span>\n\t\t\t\t<span class=\"elementor-headline-dynamic-wrapper elementor-headline-text-wrapper\">\n\t\t\t\t\t<span class=\"elementor-headline-dynamic-text elementor-headline-text-active\"> DELICATA CIVERRA<\/span>\n\t\t\t\t<\/span>\n\t\t\t\t<\/h6>\n\t\t\t\t\t\t<\/div>\n\t\t\t\t<\/div>\n\t\t\t\t<div class=\"elementor-element elementor-element-ca24d76 elementor-widget elementor-widget-text-editor\" data-id=\"ca24d76\" data-element_type=\"widget\" data-e-type=\"widget\" data-widget_type=\"text-editor.default\">\n\t\t\t\t<div class=\"elementor-widget-container\">\n\t\t\t\t\t\t\t\t\t<iframe src=\"https:\/\/drive.google.com\/file\/d\/1-7FWVgaeae9wAnfrS9ZJHeT2KSxfjpzN\/preview\" width=\"640\" height=\"250\"><\/iframe>\t\t\t\t\t\t\t\t<\/div>\n\t\t\t\t<\/div>\n\t\t\t\t<div class=\"elementor-element elementor-element-31b681d elementor-widget__width-auto elementor-headline--style-highlight elementor-widget elementor-widget-animated-headline\" data-id=\"31b681d\" data-element_type=\"widget\" data-e-type=\"widget\" data-settings=\"{&quot;highlighted_text&quot;:&quot;L&#039;AMORE NELLA STORIA&quot;,&quot;headline_style&quot;:&quot;highlight&quot;,&quot;marker&quot;:&quot;circle&quot;,&quot;loop&quot;:&quot;yes&quot;,&quot;highlight_animation_duration&quot;:1200,&quot;highlight_iteration_delay&quot;:8000}\" data-widget_type=\"animated-headline.default\">\n\t\t\t\t<div class=\"elementor-widget-container\">\n\t\t\t\t\t\t\t<h6 class=\"elementor-headline\">\n\t\t\t\t\t<span class=\"elementor-headline-plain-text elementor-headline-text-wrapper\">FONZO E DELICATA<\/span>\n\t\t\t\t<span class=\"elementor-headline-dynamic-wrapper elementor-headline-text-wrapper\">\n\t\t\t\t\t<span class=\"elementor-headline-dynamic-text elementor-headline-text-active\">L'AMORE NELLA STORIA<\/span>\n\t\t\t\t<\/span>\n\t\t\t\t<\/h6>\n\t\t\t\t\t\t<\/div>\n\t\t\t\t<\/div>\n\t\t\t\t<div class=\"elementor-element elementor-element-b260142 elementor-widget elementor-widget-text-editor\" data-id=\"b260142\" data-element_type=\"widget\" data-e-type=\"widget\" data-widget_type=\"text-editor.default\">\n\t\t\t\t<div class=\"elementor-widget-container\">\n\t\t\t\t\t\t\t\t\t<iframe src=\"https:\/\/drive.google.com\/file\/d\/1lKCyRmx4UyQLVl2KMsru9K6GuHfZffiU\/preview\" width=\"640\" height=\"250\"><\/iframe>\t\t\t\t\t\t\t\t<\/div>\n\t\t\t\t<\/div>\n\t\t\t\t\t<\/div>\n\t\t<\/div>\n\t\t\t\t\t<\/div>\n\t\t<\/section>\n\t\t\t\t\t<\/div>\n\t\t<\/div>\n\t\t\t\t\t<\/div>\n\t\t<\/section>\n\t\t\t\t<\/div>\n\t\t","protected":false},"excerpt":{"rendered":"<p>\u201cOltre le discipline\u201d a.s. 2020\/21 SCUOLA PRIMARIA \u201cG. PAOLO II\u201dANNO SCOLASTICO 2020\/2021CLASSI: IV A &#8211; IVB Le classi IV A e IV B presentano le drammaturgie e i prodotti digitali dal titolo \u201cViaggio nel borgo antico con Delicata Civerra\u201d e \u201cFonzo e Delicata: l\u2019amore nella storia\u201d frutto del percorso rientrante nella seconda annualit\u00e0 del progetto [&hellip;]<\/p>\n","protected":false},"author":1,"featured_media":0,"parent":0,"menu_order":0,"comment_status":"closed","ping_status":"closed","template":"","meta":{"footnotes":""},"class_list":["post-9551","page","type-page","status-publish","hentry"],"_links":{"self":[{"href":"https:\/\/www.icmontinicb.edu.it\/site\/wp-json\/wp\/v2\/pages\/9551","targetHints":{"allow":["GET"]}}],"collection":[{"href":"https:\/\/www.icmontinicb.edu.it\/site\/wp-json\/wp\/v2\/pages"}],"about":[{"href":"https:\/\/www.icmontinicb.edu.it\/site\/wp-json\/wp\/v2\/types\/page"}],"author":[{"embeddable":true,"href":"https:\/\/www.icmontinicb.edu.it\/site\/wp-json\/wp\/v2\/users\/1"}],"replies":[{"embeddable":true,"href":"https:\/\/www.icmontinicb.edu.it\/site\/wp-json\/wp\/v2\/comments?post=9551"}],"version-history":[{"count":0,"href":"https:\/\/www.icmontinicb.edu.it\/site\/wp-json\/wp\/v2\/pages\/9551\/revisions"}],"wp:attachment":[{"href":"https:\/\/www.icmontinicb.edu.it\/site\/wp-json\/wp\/v2\/media?parent=9551"}],"curies":[{"name":"wp","href":"https:\/\/api.w.org\/{rel}","templated":true}]}}