{"id":235,"date":"2016-04-07T00:00:00","date_gmt":"2016-04-06T22:00:00","guid":{"rendered":"http:\/\/www.icmontinicb.edu.it\/quartiere-cep-lidea-di-enrico-mandolesi\/"},"modified":"2016-04-07T00:00:00","modified_gmt":"2016-04-06T22:00:00","slug":"quartiere-cep-lidea-di-enrico-mandolesi","status":"publish","type":"page","link":"https:\/\/www.icmontinicb.edu.it\/site\/quartiere-cep-lidea-di-enrico-mandolesi\/","title":{"rendered":"Quartiere CEP, l&#8217;idea di Enrico Mandolesi"},"content":{"rendered":"<p><a href=\"http:\/\/www.icmontinicb.edu.it\/quartiere-cep-lidea-di-enrico-mandolesi\/quartiere-cep-lidea-di-mandolesi-2\/\" rel=\"attachment wp-att-4947\"><img fetchpriority=\"high\" decoding=\"async\" class=\"alignleft wp-image-4947 size-medium\" src=\"http:\/\/www.icmontinicb.edu.it\/wp-content\/uploads\/2016\/04\/Quartiere-CEP-lidea-di-Mandolesi-1-300x225.jpg\" alt=\"Quartiere CEP, l'idea di Mandolesi\" width=\"300\" height=\"225\" \/><\/a><\/p>\n<p style=\"text-align: justify;\">Il Quartier CEP (Centro Edilizia Popolare) di Campobasso pu\u00f2 vantare diversi primati e costituisce un caso pi\u00f9 unico che raro nel panorama urbanistico dell\u2019edilizia popolare italiana. E\u2019 per questo motivo che ancora oggi esso \u00e8 oggetto di attenzione da parte di numerosi studiosi di urbanistica ed architettura e meta di studenti iscritti a diverse Facolt\u00e0 di Architettura, anche in relazione al suo ottimo stato di conservazione.<br \/>\nL\u2019idea dell\u2019ingegnere Enrico Mandolesi, che lo progett\u00f2 nel 1961, muoveva da una visione globale dell\u2019architettura intesa come esito dell\u2019integrazione tra forma e soluzione costruttiva, come espressione legata all\u2019evoluzione del linguaggio e all\u2019innovazione tecnologica. I segni di questo cambiamento sono soprattutto evidenti nell\u2019impiego del laterizio faccia a vista &#8211; tecnica costruttiva sicuramente innovativa per quegl\u2019anni quando i manufatti venivano realizzati con laterizi intonacati &#8211; che troviamo realizzata anche in due altri fabbricati di Campobasso: il Mercato coperto e il Palazzo ex INA di Corso Bucci, sempre opere dell\u2019ingegno dell\u2019ingegnere romano, scomparso il 22 maggio 2015.<br \/>\nAnche il progetto della Chiesa di San Giuseppe Artigiano \u00e8 dello stesso Mandolesi. Nella pianificazione dell\u2019illustre urbanista, il quartiere CEP doveva costituire un \u201cquartiere satellite\u201d, collegato al centro urbano ma autosufficiente in quanto a servizi e vivibilit\u00e0 sostenibile. Di qui, la corretta pianificazione della urbanizzazione primaria: strade larghe e ampi spazi destinati ai parcheggi; ma anche la cospicua dotazione infrastrutturale secondaria: aree verdi localizzate in tutta l\u2019area, servizi scolastici (dall\u2019infanzia alla Secondaria di 1\u00b0 grado), impianti sportivi (campo di calcio e palestra &#8220;L. Sturzo&#8221;, con campo di calcetto ed annesso bocciodromo), servizi commerciali (mercato coperto), servizi sociali (Chiesa Ufficio postale, Centro sanitario, Sezione Vigili urbani) centri culturali (biblioteca),servizi sociali (Centro sociale per anziani), servizi ricreativi (Parco giochi per bambini).<br \/>\nSe \u00e8 vero che per un insediamento urbano sono solo i risultati della pianificazione che fanno testo, se \u00e8 vero che i piani si giudicano per quello che realizzano, e non per quello che annunciano, se \u00e8 altrettanto vero che alla fase dello studio devono seguire progetti coerenti, quello del quartiere CEP \u00e8 un esempio eloquente di quanto la pianificazione sia stata calata sul territorio e ne abbia assorbito le sue necessit\u00e0 sociali, culturali ed economiche. Ecco perch\u00e9 il CEP \u00e8 considerato fra i migliori esempi di edilizia popolare dell\u2019intero Paese, un\u2019autentica mosca bianca nel panorama di abbandono e di degrado che caratterizza molte periferie italiane.<\/p>\n","protected":false},"excerpt":{"rendered":"<p>Il Quartier CEP (Centro Edilizia Popolare) di Campobasso pu\u00f2 vantare diversi primati e costituisce un caso pi\u00f9 unico che raro nel panorama urbanistico dell\u2019edilizia popolare italiana. E\u2019 per questo motivo che ancora oggi esso \u00e8 oggetto di attenzione da parte di numerosi studiosi di urbanistica ed architettura e meta di studenti iscritti a diverse Facolt\u00e0 [&hellip;]<\/p>\n","protected":false},"author":1,"featured_media":0,"parent":0,"menu_order":0,"comment_status":"open","ping_status":"open","template":"","meta":{"footnotes":""},"class_list":["post-235","page","type-page","status-publish","hentry"],"_links":{"self":[{"href":"https:\/\/www.icmontinicb.edu.it\/site\/wp-json\/wp\/v2\/pages\/235","targetHints":{"allow":["GET"]}}],"collection":[{"href":"https:\/\/www.icmontinicb.edu.it\/site\/wp-json\/wp\/v2\/pages"}],"about":[{"href":"https:\/\/www.icmontinicb.edu.it\/site\/wp-json\/wp\/v2\/types\/page"}],"author":[{"embeddable":true,"href":"https:\/\/www.icmontinicb.edu.it\/site\/wp-json\/wp\/v2\/users\/1"}],"replies":[{"embeddable":true,"href":"https:\/\/www.icmontinicb.edu.it\/site\/wp-json\/wp\/v2\/comments?post=235"}],"version-history":[{"count":0,"href":"https:\/\/www.icmontinicb.edu.it\/site\/wp-json\/wp\/v2\/pages\/235\/revisions"}],"wp:attachment":[{"href":"https:\/\/www.icmontinicb.edu.it\/site\/wp-json\/wp\/v2\/media?parent=235"}],"curies":[{"name":"wp","href":"https:\/\/api.w.org\/{rel}","templated":true}]}}