{"id":16237,"date":"2023-04-05T17:40:40","date_gmt":"2023-04-05T15:40:40","guid":{"rendered":"https:\/\/icmontinicb.edu.it\/site\/?page_id=16237"},"modified":"2026-03-16T15:41:51","modified_gmt":"2026-03-16T14:41:51","slug":"offerta-formativa","status":"publish","type":"page","link":"https:\/\/www.icmontinicb.edu.it\/site\/didattica\/offerta-formativa\/","title":{"rendered":"Offerta formativa"},"content":{"rendered":"\t\t<div data-elementor-type=\"wp-page\" data-elementor-id=\"16237\" class=\"elementor elementor-16237\" data-elementor-post-type=\"page\">\n\t\t\t\t\t\t<section class=\"has_eae_slider elementor-section elementor-top-section elementor-element elementor-element-69f806a elementor-section-boxed elementor-section-height-default elementor-section-height-default\" data-eae-slider=\"12495\" data-id=\"69f806a\" data-element_type=\"section\" data-e-type=\"section\" data-settings=\"{&quot;background_background&quot;:&quot;classic&quot;}\">\n\t\t\t\t\t\t<div class=\"elementor-container elementor-column-gap-default\">\n\t\t\t\t\t<div class=\"has_eae_slider elementor-column elementor-col-100 elementor-top-column elementor-element elementor-element-455b0f9\" data-eae-slider=\"64987\" data-id=\"455b0f9\" data-element_type=\"column\" data-e-type=\"column\">\n\t\t\t<div class=\"elementor-widget-wrap elementor-element-populated\">\n\t\t\t\t\t\t<div class=\"elementor-element elementor-element-0324ad8 elementor-widget elementor-widget-html\" data-id=\"0324ad8\" data-element_type=\"widget\" data-e-type=\"widget\" data-widget_type=\"html.default\">\n\t\t\t\t<div class=\"elementor-widget-container\">\n\t\t\t\t\t<ul class=\"breadcrumb\" data-element=\"breadcrumb\">\n  <li><a href=\"https:\/\/icmontinicb.edu.it\/site\/\">Home<\/a><\/li>\n  <li><a href=\"https:\/\/icmontinicb.edu.it\/site\/didattica\">Didattica<\/a><\/li>\n  <li>Offerta formativa<\/li>\n<\/ul>\n\n<style>\n    ul.breadcrumb {\n  list-style: none;\n  vertical-align: center !important;\n}\n\n\/* Display list items side by side *\/\nul.breadcrumb li {\n  display: inline;\n  font-family: \"Titillium Web\", Sans-serif;\nfont-size: 16px;\nline-height: 1.5;\nfont-weight: 400;\ncolor: #656566;\nvertical-align: center !important;\n}\n\n\/* Add a slash symbol (\/) before\/behind each list item *\/\nul.breadcrumb li+li:before {\n  padding: 5px;\n  color: #455B71;\n  content: \"\/\\00a0\";\n}\n\n\/* Add a color to all links inside the list *\/\nul.breadcrumb li a {\n  font-family: \"Titillium Web\", Sans-serif;\nfont-size:  16px;\n  color: #455B71;\n  font-weight: 600;\n  line-height: 1.5;\n  vertical-align: center !important;\n\n}\n\n\/* Add a color on mouse-over *\/\nul.breadcrumb li a:hover {\n  color: #CB73BD;\n  text-decoration: underline;\n  vertical-align: center !important;\n\n}\n<\/style>\t\t\t\t<\/div>\n\t\t\t\t<\/div>\n\t\t\t\t\t<\/div>\n\t\t<\/div>\n\t\t\t\t\t<\/div>\n\t\t<\/section>\n\t\t\t\t<section class=\"has_eae_slider elementor-section elementor-top-section elementor-element elementor-element-cc6d73a elementor-section-boxed elementor-section-height-default elementor-section-height-default\" data-eae-slider=\"21979\" data-id=\"cc6d73a\" data-element_type=\"section\" data-e-type=\"section\">\n\t\t\t\t\t\t<div class=\"elementor-container elementor-column-gap-default\">\n\t\t\t\t\t<div class=\"has_eae_slider elementor-column elementor-col-100 elementor-top-column elementor-element elementor-element-f649d51\" data-eae-slider=\"88141\" data-id=\"f649d51\" data-element_type=\"column\" data-e-type=\"column\">\n\t\t\t<div class=\"elementor-widget-wrap elementor-element-populated\">\n\t\t\t\t\t\t<div class=\"elementor-element elementor-element-f80ab51 elementor-widget elementor-widget-theme-post-title elementor-page-title elementor-widget-heading\" data-id=\"f80ab51\" data-element_type=\"widget\" data-e-type=\"widget\" data-widget_type=\"theme-post-title.default\">\n\t\t\t\t<div class=\"elementor-widget-container\">\n\t\t\t\t\t<h1 class=\"elementor-heading-title elementor-size-default\"><div class=\"font-sans-serif\">Offerta formativa<\/div><\/h1>\t\t\t\t<\/div>\n\t\t\t\t<\/div>\n\t\t\t\t\t<\/div>\n\t\t<\/div>\n\t\t\t\t\t<\/div>\n\t\t<\/section>\n\t\t\t\t<section class=\"has_eae_slider elementor-section elementor-top-section elementor-element elementor-element-7fa6d09 elementor-section-boxed elementor-section-height-default elementor-section-height-default\" data-eae-slider=\"32595\" data-id=\"7fa6d09\" data-element_type=\"section\" data-e-type=\"section\">\n\t\t\t\t\t\t<div class=\"elementor-container elementor-column-gap-default\">\n\t\t\t\t\t<div class=\"has_eae_slider elementor-column elementor-col-50 elementor-top-column elementor-element elementor-element-2ffcaba\" data-eae-slider=\"6887\" data-id=\"2ffcaba\" data-element_type=\"column\" data-e-type=\"column\">\n\t\t\t<div class=\"elementor-widget-wrap elementor-element-populated\">\n\t\t\t\t\t\t<section class=\"has_eae_slider elementor-section elementor-inner-section elementor-element elementor-element-08c130a elementor-section-full_width elementor-section-height-default elementor-section-height-default\" data-eae-slider=\"35807\" data-id=\"08c130a\" data-element_type=\"section\" data-e-type=\"section\" data-settings=\"{&quot;sticky&quot;:&quot;top&quot;,&quot;sticky_on&quot;:[&quot;desktop&quot;],&quot;sticky_offset&quot;:50,&quot;sticky_effects_offset&quot;:0,&quot;sticky_anchor_link_offset&quot;:0}\">\n\t\t\t\t\t\t<div class=\"elementor-container elementor-column-gap-default\">\n\t\t\t\t\t<div class=\"has_eae_slider elementor-column elementor-col-100 elementor-inner-column elementor-element elementor-element-f67028d\" data-eae-slider=\"80540\" data-id=\"f67028d\" data-element_type=\"column\" data-e-type=\"column\" data-settings=\"{&quot;background_background&quot;:&quot;classic&quot;}\">\n\t\t\t<div class=\"elementor-widget-wrap elementor-element-populated\">\n\t\t\t\t\t\t<div class=\"elementor-element elementor-element-bc31d08 elementor-widget elementor-widget-heading\" data-id=\"bc31d08\" data-element_type=\"widget\" data-e-type=\"widget\" data-widget_type=\"heading.default\">\n\t\t\t\t<div class=\"elementor-widget-container\">\n\t\t\t\t\t<h2 class=\"elementor-heading-title elementor-size-default\">DIDATTICA<\/h2>\t\t\t\t<\/div>\n\t\t\t\t<\/div>\n\t\t\t\t\t<\/div>\n\t\t<\/div>\n\t\t\t\t\t<\/div>\n\t\t<\/section>\n\t\t\t\t<section class=\"has_eae_slider elementor-section elementor-inner-section elementor-element elementor-element-ef3119c elementor-section-full_width elementor-section-height-default elementor-section-height-default\" data-eae-slider=\"71570\" data-id=\"ef3119c\" data-element_type=\"section\" data-e-type=\"section\" data-settings=\"{&quot;sticky&quot;:&quot;top&quot;,&quot;sticky_on&quot;:[&quot;desktop&quot;],&quot;sticky_offset&quot;:90,&quot;sticky_effects_offset&quot;:0,&quot;sticky_anchor_link_offset&quot;:0}\">\n\t\t\t\t\t\t<div class=\"elementor-container elementor-column-gap-default\">\n\t\t\t\t\t<div class=\"has_eae_slider elementor-column elementor-col-100 elementor-inner-column elementor-element elementor-element-efc96f6\" data-eae-slider=\"16669\" data-id=\"efc96f6\" data-element_type=\"column\" data-e-type=\"column\" data-settings=\"{&quot;background_background&quot;:&quot;classic&quot;}\">\n\t\t\t<div class=\"elementor-widget-wrap elementor-element-populated\">\n\t\t\t\t\t\t<div class=\"elementor-element elementor-element-e0af8b4 elementor-widget elementor-widget-heading\" data-id=\"e0af8b4\" data-element_type=\"widget\" data-e-type=\"widget\" data-widget_type=\"heading.default\">\n\t\t\t\t<div class=\"elementor-widget-container\">\n\t\t\t\t\t<h2 class=\"elementor-heading-title elementor-size-default\"><a href=\"https:\/\/icmontinicb.edu.it\/site\/didattica\/offerta-formativa\/\">OFFERTA FORMATIVA<\/a><\/h2>\t\t\t\t<\/div>\n\t\t\t\t<\/div>\n\t\t\t\t\t<\/div>\n\t\t<\/div>\n\t\t\t\t\t<\/div>\n\t\t<\/section>\n\t\t\t\t<section class=\"has_eae_slider elementor-section elementor-inner-section elementor-element elementor-element-19f6b70 elementor-section-full_width elementor-section-height-default elementor-section-height-default\" data-eae-slider=\"65331\" data-id=\"19f6b70\" data-element_type=\"section\" data-e-type=\"section\" data-settings=\"{&quot;sticky&quot;:&quot;top&quot;,&quot;sticky_on&quot;:[&quot;desktop&quot;],&quot;sticky_offset&quot;:130,&quot;sticky_effects_offset&quot;:0,&quot;sticky_anchor_link_offset&quot;:0}\">\n\t\t\t\t\t\t<div class=\"elementor-container elementor-column-gap-default\">\n\t\t\t\t\t<div class=\"has_eae_slider elementor-column elementor-col-100 elementor-inner-column elementor-element elementor-element-84ee9a9\" data-eae-slider=\"18154\" data-id=\"84ee9a9\" data-element_type=\"column\" data-e-type=\"column\" data-settings=\"{&quot;background_background&quot;:&quot;classic&quot;}\">\n\t\t\t<div class=\"elementor-widget-wrap elementor-element-populated\">\n\t\t\t\t\t\t<div class=\"elementor-element elementor-element-38ac125 elementor-widget elementor-widget-heading\" data-id=\"38ac125\" data-element_type=\"widget\" data-e-type=\"widget\" data-widget_type=\"heading.default\">\n\t\t\t\t<div class=\"elementor-widget-container\">\n\t\t\t\t\t<h2 class=\"elementor-heading-title elementor-size-default\"><a href=\"https:\/\/www.icmontinicb.edu.it\/site\/didattica-a-distanza\/\">DIDATTICA A DISTANZA<\/a><\/h2>\t\t\t\t<\/div>\n\t\t\t\t<\/div>\n\t\t\t\t\t<\/div>\n\t\t<\/div>\n\t\t\t\t\t<\/div>\n\t\t<\/section>\n\t\t\t\t<section class=\"has_eae_slider elementor-section elementor-inner-section elementor-element elementor-element-f94a280 elementor-section-full_width elementor-section-height-default elementor-section-height-default\" data-eae-slider=\"99114\" data-id=\"f94a280\" data-element_type=\"section\" data-e-type=\"section\" data-settings=\"{&quot;sticky&quot;:&quot;top&quot;,&quot;sticky_on&quot;:[&quot;desktop&quot;],&quot;sticky_offset&quot;:170,&quot;sticky_effects_offset&quot;:0,&quot;sticky_anchor_link_offset&quot;:0}\">\n\t\t\t\t\t\t<div class=\"elementor-container elementor-column-gap-default\">\n\t\t\t\t\t<div class=\"has_eae_slider elementor-column elementor-col-100 elementor-inner-column elementor-element elementor-element-6a529ca\" data-eae-slider=\"73085\" data-id=\"6a529ca\" data-element_type=\"column\" data-e-type=\"column\" data-settings=\"{&quot;background_background&quot;:&quot;classic&quot;}\">\n\t\t\t<div class=\"elementor-widget-wrap elementor-element-populated\">\n\t\t\t\t\t\t<div class=\"elementor-element elementor-element-6dedc60 elementor-widget elementor-widget-heading\" data-id=\"6dedc60\" data-element_type=\"widget\" data-e-type=\"widget\" data-widget_type=\"heading.default\">\n\t\t\t\t<div class=\"elementor-widget-container\">\n\t\t\t\t\t<h2 class=\"elementor-heading-title elementor-size-default\"><a href=\"https:\/\/icmontinicb.edu.it\/site\/didattica\/i-progetti-delle-classi\/\">I PROGETTI DELLE CLASSI<\/a><\/h2>\t\t\t\t<\/div>\n\t\t\t\t<\/div>\n\t\t\t\t\t<\/div>\n\t\t<\/div>\n\t\t\t\t\t<\/div>\n\t\t<\/section>\n\t\t\t\t\t<\/div>\n\t\t<\/div>\n\t\t\t\t<div class=\"has_eae_slider elementor-column elementor-col-50 elementor-top-column elementor-element elementor-element-559a598\" data-eae-slider=\"78745\" data-id=\"559a598\" data-element_type=\"column\" data-e-type=\"column\">\n\t\t\t<div class=\"elementor-widget-wrap elementor-element-populated\">\n\t\t\t\t\t\t<div class=\"elementor-element elementor-element-ee289ff elementor-widget elementor-widget-spacer\" data-id=\"ee289ff\" data-element_type=\"widget\" data-e-type=\"widget\" data-widget_type=\"spacer.default\">\n\t\t\t\t<div class=\"elementor-widget-container\">\n\t\t\t\t\t\t\t<div class=\"elementor-spacer\">\n\t\t\t<div class=\"elementor-spacer-inner\"><\/div>\n\t\t<\/div>\n\t\t\t\t\t\t<\/div>\n\t\t\t\t<\/div>\n\t\t\t\t<div class=\"elementor-element elementor-element-12e4f83 elementor-widget elementor-widget-text-editor\" data-id=\"12e4f83\" data-element_type=\"widget\" data-e-type=\"widget\" data-widget_type=\"text-editor.default\">\n\t\t\t\t<div class=\"elementor-widget-container\">\n\t\t\t\t\t\t\t\t\t<p>Il PTOF &#8211; piano triennale dell\u2019offerta formativa &#8211; \u00e8 stato introdotto nella scuola dall&#8217;art.1 comma 14 della Legge 107\/2015 a modifica dell&#8217;art.3 del DPR 275\/1999.<\/p><p>Il PTOF \u00e8 il <strong>documento identitario della scuola<\/strong>, tramite il quale ogni comunit\u00e0 scolastica progetta le proprie attivit\u00e0 in riscontro alle esigenze del territorio,\u00a0<strong>rappresenta l\u2019identit\u00e0 culturale e progettuale\u00a0<\/strong>di ogni singola scuola.<\/p><p>Il piano, in relazione alle linee d\u2019indirizzo emanate dal Dirigente scolastico, <strong>esplicita la programmazione<\/strong> curriculare, extracurricolare, educativa e organizzativa oltre alla programmazione delle attivit\u00e0 formative rivolte al personale.<\/p><p>L&#8217;elaborazione del PTOF \u00e8 attuata tramite una piattaforma dedicata &#8211; SIDI &#8211; che aiuta le scuole <strong>nella redazione del documento<\/strong> proponendone una struttura di riferimento.\u00a0\u00a0<\/p><p>Il PTOF \u00e8 pubblicato sul sito della scuola ed \u00e8 consultabile su <strong><a href=\"https:\/\/cercalatuascuola.istruzione.it\/cercalatuascuola\/\">Scuola in Chiaro<\/a><\/strong><\/p>\t\t\t\t\t\t\t\t<\/div>\n\t\t\t\t<\/div>\n\t\t\t\t<section class=\"has_eae_slider elementor-section elementor-inner-section elementor-element elementor-element-266e672 elementor-section-full_width elementor-section-height-default elementor-section-height-default\" data-eae-slider=\"74090\" data-id=\"266e672\" data-element_type=\"section\" data-e-type=\"section\">\n\t\t\t\t\t\t<div class=\"elementor-container elementor-column-gap-default\">\n\t\t\t\t\t<div class=\"has_eae_slider elementor-column elementor-col-33 elementor-inner-column elementor-element elementor-element-6f6770c\" data-eae-slider=\"75072\" data-id=\"6f6770c\" data-element_type=\"column\" data-e-type=\"column\">\n\t\t\t<div class=\"elementor-widget-wrap elementor-element-populated\">\n\t\t\t\t\t\t<div class=\"elementor-element elementor-element-ae23f58 elementor-position-inline-start elementor-view-default elementor-mobile-position-block-start elementor-widget elementor-widget-icon-box\" data-id=\"ae23f58\" data-element_type=\"widget\" data-e-type=\"widget\" data-widget_type=\"icon-box.default\">\n\t\t\t\t<div class=\"elementor-widget-container\">\n\t\t\t\t\t\t\t<div class=\"elementor-icon-box-wrapper\">\n\n\t\t\t\t\t\t<div class=\"elementor-icon-box-icon\">\n\t\t\t\t<a href=\"https:\/\/icmontinicb.edu.it\/site\/offerta\/\" target=\"_blank\" class=\"elementor-icon\" tabindex=\"-1\" aria-label=\"PTOF 2025\/28\">\n\t\t\t\t<i aria-hidden=\"true\" class=\"far fa-file-pdf\"><\/i>\t\t\t\t<\/a>\n\t\t\t<\/div>\n\t\t\t\n\t\t\t\t\t\t<div class=\"elementor-icon-box-content\">\n\n\t\t\t\t\t\t\t\t\t<h3 class=\"elementor-icon-box-title\">\n\t\t\t\t\t\t<a href=\"https:\/\/icmontinicb.edu.it\/site\/offerta\/\" target=\"_blank\" >\n\t\t\t\t\t\t\tPTOF 2025\/28\t\t\t\t\t\t<\/a>\n\t\t\t\t\t<\/h3>\n\t\t\t\t\n\t\t\t\t\t\t\t\t\t<p class=\"elementor-icon-box-description\">\n\t\t\t\t\t\tPiano Triennale Offerta Formativa\t\t\t\t\t<\/p>\n\t\t\t\t\n\t\t\t<\/div>\n\t\t\t\n\t\t<\/div>\n\t\t\t\t\t\t<\/div>\n\t\t\t\t<\/div>\n\t\t\t\t\t<\/div>\n\t\t<\/div>\n\t\t\t\t<div class=\"has_eae_slider elementor-column elementor-col-33 elementor-inner-column elementor-element elementor-element-5e834e2\" data-eae-slider=\"25616\" data-id=\"5e834e2\" data-element_type=\"column\" data-e-type=\"column\">\n\t\t\t<div class=\"elementor-widget-wrap elementor-element-populated\">\n\t\t\t\t\t\t<div class=\"elementor-element elementor-element-eaa191d elementor-position-inline-start elementor-view-default elementor-mobile-position-block-start elementor-widget elementor-widget-icon-box\" data-id=\"eaa191d\" data-element_type=\"widget\" data-e-type=\"widget\" data-widget_type=\"icon-box.default\">\n\t\t\t\t<div class=\"elementor-widget-container\">\n\t\t\t\t\t\t\t<div class=\"elementor-icon-box-wrapper\">\n\n\t\t\t\t\t\t<div class=\"elementor-icon-box-icon\">\n\t\t\t\t<a href=\"https:\/\/icmontinicb.edu.it\/site\/wp-content\/uploads\/2023\/04\/Piano-scolastico-DDI.pdf\" target=\"_blank\" class=\"elementor-icon\" tabindex=\"-1\" aria-label=\"DDI\">\n\t\t\t\t<i aria-hidden=\"true\" class=\"far fa-file-pdf\"><\/i>\t\t\t\t<\/a>\n\t\t\t<\/div>\n\t\t\t\n\t\t\t\t\t\t<div class=\"elementor-icon-box-content\">\n\n\t\t\t\t\t\t\t\t\t<h3 class=\"elementor-icon-box-title\">\n\t\t\t\t\t\t<a href=\"https:\/\/icmontinicb.edu.it\/site\/wp-content\/uploads\/2023\/04\/Piano-scolastico-DDI.pdf\" target=\"_blank\" >\n\t\t\t\t\t\t\tDDI\t\t\t\t\t\t<\/a>\n\t\t\t\t\t<\/h3>\n\t\t\t\t\n\t\t\t\t\t\t\t\t\t<p class=\"elementor-icon-box-description\">\n\t\t\t\t\t\tPiano scolastico DDI\t\t\t\t\t<\/p>\n\t\t\t\t\n\t\t\t<\/div>\n\t\t\t\n\t\t<\/div>\n\t\t\t\t\t\t<\/div>\n\t\t\t\t<\/div>\n\t\t\t\t\t<\/div>\n\t\t<\/div>\n\t\t\t\t<div class=\"has_eae_slider elementor-column elementor-col-33 elementor-inner-column elementor-element elementor-element-1b0bf98\" data-eae-slider=\"73605\" data-id=\"1b0bf98\" data-element_type=\"column\" data-e-type=\"column\">\n\t\t\t<div class=\"elementor-widget-wrap elementor-element-populated\">\n\t\t\t\t\t\t<div class=\"elementor-element elementor-element-08fcc30 elementor-position-inline-start elementor-view-default elementor-mobile-position-block-start elementor-widget elementor-widget-icon-box\" data-id=\"08fcc30\" data-element_type=\"widget\" data-e-type=\"widget\" data-widget_type=\"icon-box.default\">\n\t\t\t\t<div class=\"elementor-widget-container\">\n\t\t\t\t\t\t\t<div class=\"elementor-icon-box-wrapper\">\n\n\t\t\t\t\t\t<div class=\"elementor-icon-box-icon\">\n\t\t\t\t<a href=\"https:\/\/icmontinicb.edu.it\/site\/wp-content\/uploads\/2023\/04\/CURRICOLO-UNITARIO-DELLE-COMPETENZE-EUROPEE-E-DI-CITTADINANZA.pdf\" target=\"_blank\" class=\"elementor-icon\" tabindex=\"-1\" aria-label=\"CT\">\n\t\t\t\t<i aria-hidden=\"true\" class=\"far fa-file-pdf\"><\/i>\t\t\t\t<\/a>\n\t\t\t<\/div>\n\t\t\t\n\t\t\t\t\t\t<div class=\"elementor-icon-box-content\">\n\n\t\t\t\t\t\t\t\t\t<h3 class=\"elementor-icon-box-title\">\n\t\t\t\t\t\t<a href=\"https:\/\/icmontinicb.edu.it\/site\/wp-content\/uploads\/2023\/04\/CURRICOLO-UNITARIO-DELLE-COMPETENZE-EUROPEE-E-DI-CITTADINANZA.pdf\" target=\"_blank\" >\n\t\t\t\t\t\t\tCT\t\t\t\t\t\t<\/a>\n\t\t\t\t\t<\/h3>\n\t\t\t\t\n\t\t\t\t\t\t\t\t\t<p class=\"elementor-icon-box-description\">\n\t\t\t\t\t\tCurriculo trasversale\t\t\t\t\t<\/p>\n\t\t\t\t\n\t\t\t<\/div>\n\t\t\t\n\t\t<\/div>\n\t\t\t\t\t\t<\/div>\n\t\t\t\t<\/div>\n\t\t\t\t\t<\/div>\n\t\t<\/div>\n\t\t\t\t\t<\/div>\n\t\t<\/section>\n\t\t\t\t\t<\/div>\n\t\t<\/div>\n\t\t\t\t\t<\/div>\n\t\t<\/section>\n\t\t\t\t<\/div>\n\t\t","protected":false},"excerpt":{"rendered":"<p>Home Didattica DIDATTICA OFFERTA FORMATIVA DIDATTICA A DISTANZA I PROGETTI DELLE CLASSI Il PTOF &#8211; piano triennale dell\u2019offerta formativa &#8211; \u00e8 stato introdotto nella scuola dall&#8217;art.1 comma 14 della Legge 107\/2015 a modifica dell&#8217;art.3 del DPR 275\/1999. Il PTOF \u00e8 il documento identitario della scuola, tramite il quale ogni comunit\u00e0 scolastica progetta le proprie attivit\u00e0 [&hellip;]<\/p>\n","protected":false},"author":1,"featured_media":0,"parent":16056,"menu_order":0,"comment_status":"closed","ping_status":"closed","template":"elementor_header_footer","meta":{"footnotes":""},"class_list":["post-16237","page","type-page","status-publish","hentry"],"_links":{"self":[{"href":"https:\/\/www.icmontinicb.edu.it\/site\/wp-json\/wp\/v2\/pages\/16237","targetHints":{"allow":["GET"]}}],"collection":[{"href":"https:\/\/www.icmontinicb.edu.it\/site\/wp-json\/wp\/v2\/pages"}],"about":[{"href":"https:\/\/www.icmontinicb.edu.it\/site\/wp-json\/wp\/v2\/types\/page"}],"author":[{"embeddable":true,"href":"https:\/\/www.icmontinicb.edu.it\/site\/wp-json\/wp\/v2\/users\/1"}],"replies":[{"embeddable":true,"href":"https:\/\/www.icmontinicb.edu.it\/site\/wp-json\/wp\/v2\/comments?post=16237"}],"version-history":[{"count":6,"href":"https:\/\/www.icmontinicb.edu.it\/site\/wp-json\/wp\/v2\/pages\/16237\/revisions"}],"predecessor-version":[{"id":24685,"href":"https:\/\/www.icmontinicb.edu.it\/site\/wp-json\/wp\/v2\/pages\/16237\/revisions\/24685"}],"up":[{"embeddable":true,"href":"https:\/\/www.icmontinicb.edu.it\/site\/wp-json\/wp\/v2\/pages\/16056"}],"wp:attachment":[{"href":"https:\/\/www.icmontinicb.edu.it\/site\/wp-json\/wp\/v2\/media?parent=16237"}],"curies":[{"name":"wp","href":"https:\/\/api.w.org\/{rel}","templated":true}]}}