{"id":10317,"date":"2020-12-09T09:21:25","date_gmt":"2020-12-09T08:21:25","guid":{"rendered":"https:\/\/icmontinicb.edu.it\/site\/?page_id=10317"},"modified":"2023-04-13T10:56:16","modified_gmt":"2023-04-13T08:56:16","slug":"scuole-per-la-pace","status":"publish","type":"page","link":"https:\/\/www.icmontinicb.edu.it\/site\/scuole-per-la-pace\/","title":{"rendered":"Scuole per la Pace"},"content":{"rendered":"\t\t<div data-elementor-type=\"wp-page\" data-elementor-id=\"10317\" class=\"elementor elementor-10317\" data-elementor-post-type=\"page\">\n\t\t\t\t\t\t<section class=\"has_eae_slider elementor-section elementor-top-section elementor-element elementor-element-f2828b4 elementor-section-boxed elementor-section-height-default elementor-section-height-default\" data-eae-slider=\"87175\" data-id=\"f2828b4\" data-element_type=\"section\" data-e-type=\"section\">\n\t\t\t\t\t\t<div class=\"elementor-container elementor-column-gap-default\">\n\t\t\t\t\t<div class=\"has_eae_slider elementor-column elementor-col-33 elementor-top-column elementor-element elementor-element-c87baa3\" data-eae-slider=\"37804\" data-id=\"c87baa3\" data-element_type=\"column\" data-e-type=\"column\">\n\t\t\t<div class=\"elementor-widget-wrap\">\n\t\t\t\t\t\t\t<\/div>\n\t\t<\/div>\n\t\t\t\t<div class=\"has_eae_slider elementor-column elementor-col-66 elementor-top-column elementor-element elementor-element-ed17e4b\" data-eae-slider=\"22344\" data-id=\"ed17e4b\" data-element_type=\"column\" data-e-type=\"column\">\n\t\t\t<div class=\"elementor-widget-wrap elementor-element-populated\">\n\t\t\t\t\t\t<div class=\"elementor-element elementor-element-e466c5a elementor-grid-2 elementor-grid-tablet-2 elementor-grid-mobile-1 elementor-posts--thumbnail-top elementor-posts--show-avatar elementor-card-shadow-yes elementor-posts__hover-gradient elementor-widget elementor-widget-posts\" data-id=\"e466c5a\" data-element_type=\"widget\" data-e-type=\"widget\" data-settings=\"{&quot;cards_columns&quot;:&quot;2&quot;,&quot;pagination_type&quot;:&quot;numbers_and_prev_next&quot;,&quot;cards_columns_tablet&quot;:&quot;2&quot;,&quot;cards_columns_mobile&quot;:&quot;1&quot;,&quot;cards_row_gap&quot;:{&quot;unit&quot;:&quot;px&quot;,&quot;size&quot;:35,&quot;sizes&quot;:[]},&quot;cards_row_gap_tablet&quot;:{&quot;unit&quot;:&quot;px&quot;,&quot;size&quot;:&quot;&quot;,&quot;sizes&quot;:[]},&quot;cards_row_gap_mobile&quot;:{&quot;unit&quot;:&quot;px&quot;,&quot;size&quot;:&quot;&quot;,&quot;sizes&quot;:[]}}\" data-widget_type=\"posts.cards\">\n\t\t\t\t<div class=\"elementor-widget-container\">\n\t\t\t\t\t\t\t<div class=\"elementor-posts-container elementor-posts elementor-posts--skin-cards elementor-grid\" role=\"list\">\n\t\t\t\t<article class=\"elementor-post elementor-grid-item post-20117 post type-post status-publish format-standard has-post-thumbnail hentry category-evidenza category-generali category-scuole-per-la-pace\" role=\"listitem\">\n\t\t\t<div class=\"elementor-post__card\">\n\t\t\t\t<a class=\"elementor-post__thumbnail__link\" href=\"https:\/\/www.icmontinicb.edu.it\/site\/evidenza\/messaggi-di-speranza-dagli-alunni-dellistituto-comprensivo-l-montini-alla-marcia-per-la-pace\/\" tabindex=\"-1\" ><div class=\"elementor-post__thumbnail\"><img fetchpriority=\"high\" decoding=\"async\" width=\"768\" height=\"1075\" src=\"https:\/\/www.icmontinicb.edu.it\/site\/wp-content\/uploads\/2024\/01\/Immagine--768x1075.jpg\" class=\"attachment-medium_large size-medium_large wp-image-20118\" alt=\"\" srcset=\"https:\/\/www.icmontinicb.edu.it\/site\/wp-content\/uploads\/2024\/01\/Immagine--768x1075.jpg 768w, https:\/\/www.icmontinicb.edu.it\/site\/wp-content\/uploads\/2024\/01\/Immagine--214x300.jpg 214w, https:\/\/www.icmontinicb.edu.it\/site\/wp-content\/uploads\/2024\/01\/Immagine--732x1024.jpg 732w, https:\/\/www.icmontinicb.edu.it\/site\/wp-content\/uploads\/2024\/01\/Immagine-.jpg 801w\" sizes=\"(max-width: 768px) 100vw, 768px\" \/><\/div><\/a>\n\t\t\t\t<div class=\"elementor-post__avatar\">\n\t\t\t<img alt='Clementina Di Grappa' src='https:\/\/secure.gravatar.com\/avatar\/89edd567ba9603631a624c53f1a71979b23eeeac1e0931e209d9e9eec08db992?s=128&#038;d=mm&#038;r=g' srcset='https:\/\/secure.gravatar.com\/avatar\/89edd567ba9603631a624c53f1a71979b23eeeac1e0931e209d9e9eec08db992?s=256&#038;d=mm&#038;r=g 2x' class='avatar avatar-128 photo' height='128' width='128' \/>\t\t<\/div>\n\t\t\t\t<div class=\"elementor-post__text\">\n\t\t\t\t<h3 class=\"elementor-post__title\">\n\t\t\t<a href=\"https:\/\/www.icmontinicb.edu.it\/site\/evidenza\/messaggi-di-speranza-dagli-alunni-dellistituto-comprensivo-l-montini-alla-marcia-per-la-pace\/\" >\n\t\t\t\tMessaggi di speranza dagli alunni dell\u2019Istituto Comprensivo \u201cL. Montini\u201d alla Marcia per la Pace\t\t\t<\/a>\n\t\t<\/h3>\n\t\t\t\t<div class=\"elementor-post__excerpt\">\n\t\t\t<p>L\u2019Istituto Comprensivo \u201cL. Montini\u201d, che da alcuni anni ha aderito alla Rete delle Scuole di Pace, non poteva mancare all\u2019appuntamento con la Marcia per la<\/p>\n\t\t<\/div>\n\t\t\n\t\t<a class=\"elementor-post__read-more\" href=\"https:\/\/www.icmontinicb.edu.it\/site\/evidenza\/messaggi-di-speranza-dagli-alunni-dellistituto-comprensivo-l-montini-alla-marcia-per-la-pace\/\" aria-label=\"Leggi tutto Messaggi di speranza dagli alunni dell\u2019Istituto Comprensivo \u201cL. Montini\u201d alla Marcia per la Pace\" tabindex=\"-1\" >\n\t\t\tLeggi Tutto \u00bb\t\t<\/a>\n\n\t\t\t\t<\/div>\n\t\t\t\t<div class=\"elementor-post__meta-data\">\n\t\t\t\t\t<span class=\"elementor-post-date\">\n\t\t\t19 Gennaio 2024\t\t<\/span>\n\t\t\t\t<\/div>\n\t\t\t\t\t<\/div>\n\t\t<\/article>\n\t\t\t\t<article class=\"elementor-post elementor-grid-item post-19668 post type-post status-publish format-standard has-post-thumbnail hentry category-evidenza category-generali category-scuole-per-la-pace\" role=\"listitem\">\n\t\t\t<div class=\"elementor-post__card\">\n\t\t\t\t<a class=\"elementor-post__thumbnail__link\" href=\"https:\/\/www.icmontinicb.edu.it\/site\/evidenza\/gli-alunni-della-montini-all-incontro-con-papa-francesco\/\" tabindex=\"-1\" ><div class=\"elementor-post__thumbnail\"><img decoding=\"async\" width=\"768\" height=\"575\" src=\"https:\/\/www.icmontinicb.edu.it\/site\/wp-content\/uploads\/2023\/11\/Immagine-Papa-768x575.jpg\" class=\"attachment-medium_large size-medium_large wp-image-19669\" alt=\"\" srcset=\"https:\/\/www.icmontinicb.edu.it\/site\/wp-content\/uploads\/2023\/11\/Immagine-Papa-768x575.jpg 768w, https:\/\/www.icmontinicb.edu.it\/site\/wp-content\/uploads\/2023\/11\/Immagine-Papa-300x224.jpg 300w, https:\/\/www.icmontinicb.edu.it\/site\/wp-content\/uploads\/2023\/11\/Immagine-Papa-1024x766.jpg 1024w, https:\/\/www.icmontinicb.edu.it\/site\/wp-content\/uploads\/2023\/11\/Immagine-Papa-1536x1149.jpg 1536w, https:\/\/www.icmontinicb.edu.it\/site\/wp-content\/uploads\/2023\/11\/Immagine-Papa.jpg 2048w\" sizes=\"(max-width: 768px) 100vw, 768px\" \/><\/div><\/a>\n\t\t\t\t<div class=\"elementor-post__avatar\">\n\t\t\t<img alt='Clementina Di Grappa' src='https:\/\/secure.gravatar.com\/avatar\/89edd567ba9603631a624c53f1a71979b23eeeac1e0931e209d9e9eec08db992?s=128&#038;d=mm&#038;r=g' srcset='https:\/\/secure.gravatar.com\/avatar\/89edd567ba9603631a624c53f1a71979b23eeeac1e0931e209d9e9eec08db992?s=256&#038;d=mm&#038;r=g 2x' class='avatar avatar-128 photo' height='128' width='128' \/>\t\t<\/div>\n\t\t\t\t<div class=\"elementor-post__text\">\n\t\t\t\t<h3 class=\"elementor-post__title\">\n\t\t\t<a href=\"https:\/\/www.icmontinicb.edu.it\/site\/evidenza\/gli-alunni-della-montini-all-incontro-con-papa-francesco\/\" >\n\t\t\t\tGli alunni della Montini all\u2019 incontro con Papa Francesco\t\t\t<\/a>\n\t\t<\/h3>\n\t\t\t\t<div class=\"elementor-post__excerpt\">\n\t\t\t<p>\u201cSanto Padre, quando andr\u00e0 nel Mondo, dia una carezza ai Bambini che incontrer\u00e0, vittime dei mali del nostro tempo, e dica loro: -Questa \u00e8 la<\/p>\n\t\t<\/div>\n\t\t\n\t\t<a class=\"elementor-post__read-more\" href=\"https:\/\/www.icmontinicb.edu.it\/site\/evidenza\/gli-alunni-della-montini-all-incontro-con-papa-francesco\/\" aria-label=\"Leggi tutto Gli alunni della Montini all\u2019 incontro con Papa Francesco\" tabindex=\"-1\" >\n\t\t\tLeggi Tutto \u00bb\t\t<\/a>\n\n\t\t\t\t<\/div>\n\t\t\t\t<div class=\"elementor-post__meta-data\">\n\t\t\t\t\t<span class=\"elementor-post-date\">\n\t\t\t6 Novembre 2023\t\t<\/span>\n\t\t\t\t<\/div>\n\t\t\t\t\t<\/div>\n\t\t<\/article>\n\t\t\t\t<article class=\"elementor-post elementor-grid-item post-19603 post type-post status-publish format-standard has-post-thumbnail hentry category-evidenza category-generali category-medagliere category-scuole-per-la-pace\" role=\"listitem\">\n\t\t\t<div class=\"elementor-post__card\">\n\t\t\t\t<a class=\"elementor-post__thumbnail__link\" href=\"https:\/\/www.icmontinicb.edu.it\/site\/evidenza\/pace-senza-confini\/\" tabindex=\"-1\" ><div class=\"elementor-post__thumbnail\"><img decoding=\"async\" width=\"449\" height=\"238\" src=\"https:\/\/www.icmontinicb.edu.it\/site\/wp-content\/uploads\/2023\/10\/Menzione.jpeg\" class=\"attachment-medium_large size-medium_large wp-image-19609\" alt=\"\" srcset=\"https:\/\/www.icmontinicb.edu.it\/site\/wp-content\/uploads\/2023\/10\/Menzione.jpeg 449w, https:\/\/www.icmontinicb.edu.it\/site\/wp-content\/uploads\/2023\/10\/Menzione-300x159.jpeg 300w\" sizes=\"(max-width: 449px) 100vw, 449px\" \/><\/div><\/a>\n\t\t\t\t<div class=\"elementor-post__avatar\">\n\t\t\t<img alt='Clementina Di Grappa' src='https:\/\/secure.gravatar.com\/avatar\/89edd567ba9603631a624c53f1a71979b23eeeac1e0931e209d9e9eec08db992?s=128&#038;d=mm&#038;r=g' srcset='https:\/\/secure.gravatar.com\/avatar\/89edd567ba9603631a624c53f1a71979b23eeeac1e0931e209d9e9eec08db992?s=256&#038;d=mm&#038;r=g 2x' class='avatar avatar-128 photo' height='128' width='128' \/>\t\t<\/div>\n\t\t\t\t<div class=\"elementor-post__text\">\n\t\t\t\t<h3 class=\"elementor-post__title\">\n\t\t\t<a href=\"https:\/\/www.icmontinicb.edu.it\/site\/evidenza\/pace-senza-confini\/\" >\n\t\t\t\t&#8220;Pace senza confini&#8221;\t\t\t<\/a>\n\t\t<\/h3>\n\t\t\t\t<div class=\"elementor-post__excerpt\">\n\t\t\t<p>\u201cPace senza confini\u201d questo il titolo dell\u2019opera premiata il 25 ottobre 2023 a Roma, presso l\u2019Auditorium della Biblioteca Nazionale Centrale Vittorio Emanuele II, in Viale<\/p>\n\t\t<\/div>\n\t\t\n\t\t<a class=\"elementor-post__read-more\" href=\"https:\/\/www.icmontinicb.edu.it\/site\/evidenza\/pace-senza-confini\/\" aria-label=\"Leggi tutto &#8220;Pace senza confini&#8221;\" tabindex=\"-1\" >\n\t\t\tLeggi Tutto \u00bb\t\t<\/a>\n\n\t\t\t\t<\/div>\n\t\t\t\t<div class=\"elementor-post__meta-data\">\n\t\t\t\t\t<span class=\"elementor-post-date\">\n\t\t\t30 Ottobre 2023\t\t<\/span>\n\t\t\t\t<\/div>\n\t\t\t\t\t<\/div>\n\t\t<\/article>\n\t\t\t\t<article class=\"elementor-post elementor-grid-item post-15497 post type-post status-publish format-standard has-post-thumbnail hentry category-evidenza category-generali category-scuole-per-la-pace\" role=\"listitem\">\n\t\t\t<div class=\"elementor-post__card\">\n\t\t\t\t<a class=\"elementor-post__thumbnail__link\" href=\"https:\/\/www.icmontinicb.edu.it\/site\/evidenza\/gli-alunni-delli-c-montini-poeti-di-pace-nellappello-di-papa-francesco\/\" tabindex=\"-1\" ><div class=\"elementor-post__thumbnail\"><img loading=\"lazy\" decoding=\"async\" width=\"768\" height=\"534\" src=\"https:\/\/www.icmontinicb.edu.it\/site\/wp-content\/uploads\/2022\/12\/Immagine-WhatsApp-2022-12-09-ore-09.56.03-768x534.jpg\" class=\"attachment-medium_large size-medium_large wp-image-15498\" alt=\"\" srcset=\"https:\/\/www.icmontinicb.edu.it\/site\/wp-content\/uploads\/2022\/12\/Immagine-WhatsApp-2022-12-09-ore-09.56.03-768x534.jpg 768w, https:\/\/www.icmontinicb.edu.it\/site\/wp-content\/uploads\/2022\/12\/Immagine-WhatsApp-2022-12-09-ore-09.56.03-300x209.jpg 300w, https:\/\/www.icmontinicb.edu.it\/site\/wp-content\/uploads\/2022\/12\/Immagine-WhatsApp-2022-12-09-ore-09.56.03-1024x712.jpg 1024w, https:\/\/www.icmontinicb.edu.it\/site\/wp-content\/uploads\/2022\/12\/Immagine-WhatsApp-2022-12-09-ore-09.56.03-1536x1068.jpg 1536w, https:\/\/www.icmontinicb.edu.it\/site\/wp-content\/uploads\/2022\/12\/Immagine-WhatsApp-2022-12-09-ore-09.56.03.jpg 2048w\" sizes=\"(max-width: 768px) 100vw, 768px\" \/><\/div><\/a>\n\t\t\t\t<div class=\"elementor-post__avatar\">\n\t\t\t<img alt='Clementina Di Grappa' src='https:\/\/secure.gravatar.com\/avatar\/89edd567ba9603631a624c53f1a71979b23eeeac1e0931e209d9e9eec08db992?s=128&#038;d=mm&#038;r=g' srcset='https:\/\/secure.gravatar.com\/avatar\/89edd567ba9603631a624c53f1a71979b23eeeac1e0931e209d9e9eec08db992?s=256&#038;d=mm&#038;r=g 2x' class='avatar avatar-128 photo' height='128' width='128' \/>\t\t<\/div>\n\t\t\t\t<div class=\"elementor-post__text\">\n\t\t\t\t<h3 class=\"elementor-post__title\">\n\t\t\t<a href=\"https:\/\/www.icmontinicb.edu.it\/site\/evidenza\/gli-alunni-delli-c-montini-poeti-di-pace-nellappello-di-papa-francesco\/\" >\n\t\t\t\tGli alunni dell\u2019I.C.  Montini \u201cpoeti di pace\u201d nell\u2019appello di Papa Francesco\t\t\t<\/a>\n\t\t<\/h3>\n\t\t\t\t<div class=\"elementor-post__excerpt\">\n\t\t\t<p>28 novembre 2022, ore 3.45: in una Campobasso immersa nel buio e in un silenzio quasi irreale, gli alunni delle classi IA e IF della<\/p>\n\t\t<\/div>\n\t\t\n\t\t<a class=\"elementor-post__read-more\" href=\"https:\/\/www.icmontinicb.edu.it\/site\/evidenza\/gli-alunni-delli-c-montini-poeti-di-pace-nellappello-di-papa-francesco\/\" aria-label=\"Leggi tutto Gli alunni dell\u2019I.C.  Montini \u201cpoeti di pace\u201d nell\u2019appello di Papa Francesco\" tabindex=\"-1\" >\n\t\t\tLeggi Tutto \u00bb\t\t<\/a>\n\n\t\t\t\t<\/div>\n\t\t\t\t<div class=\"elementor-post__meta-data\">\n\t\t\t\t\t<span class=\"elementor-post-date\">\n\t\t\t11 Dicembre 2022\t\t<\/span>\n\t\t\t\t<\/div>\n\t\t\t\t\t<\/div>\n\t\t<\/article>\n\t\t\t\t<article class=\"elementor-post elementor-grid-item post-14620 post type-post status-publish format-standard hentry category-scuole-per-la-pace\" role=\"listitem\">\n\t\t\t<div class=\"elementor-post__card\">\n\t\t\t\t<div class=\"elementor-post__text\">\n\t\t\t\t<h3 class=\"elementor-post__title\">\n\t\t\t<a href=\"https:\/\/www.icmontinicb.edu.it\/site\/scuole-per-la-pace\/xxxiv-edizione-un-poster-per-la-pace-siamo-tutti-connessi-2\/\" >\n\t\t\t\tXXXIV edizione \u201cUN POSTER PER LA PACE\u201d  Siamo tutti connessi\t\t\t<\/a>\n\t\t<\/h3>\n\t\t\t\t<div class=\"elementor-post__excerpt\">\n\t\t\t<p>Premiazone _ Un poster per la pace<\/p>\n\t\t<\/div>\n\t\t\n\t\t<a class=\"elementor-post__read-more\" href=\"https:\/\/www.icmontinicb.edu.it\/site\/scuole-per-la-pace\/xxxiv-edizione-un-poster-per-la-pace-siamo-tutti-connessi-2\/\" aria-label=\"Leggi tutto XXXIV edizione \u201cUN POSTER PER LA PACE\u201d  Siamo tutti connessi\" tabindex=\"-1\" >\n\t\t\tLeggi Tutto \u00bb\t\t<\/a>\n\n\t\t\t\t<\/div>\n\t\t\t\t<div class=\"elementor-post__meta-data\">\n\t\t\t\t\t<span class=\"elementor-post-date\">\n\t\t\t5 Giugno 2022\t\t<\/span>\n\t\t\t\t<\/div>\n\t\t\t\t\t<\/div>\n\t\t<\/article>\n\t\t\t\t<article class=\"elementor-post elementor-grid-item post-13999 post type-post status-publish format-standard has-post-thumbnail hentry category-evidenza category-generali category-scuole-per-la-pace\" role=\"listitem\">\n\t\t\t<div class=\"elementor-post__card\">\n\t\t\t\t<a class=\"elementor-post__thumbnail__link\" href=\"https:\/\/www.icmontinicb.edu.it\/site\/evidenza\/il-giorno-della-memoria-shoah\/\" tabindex=\"-1\" ><div class=\"elementor-post__thumbnail\"><img loading=\"lazy\" decoding=\"async\" width=\"768\" height=\"409\" src=\"https:\/\/www.icmontinicb.edu.it\/site\/wp-content\/uploads\/2022\/01\/SHOAH-768x409.png\" class=\"attachment-medium_large size-medium_large wp-image-14001\" alt=\"\" srcset=\"https:\/\/www.icmontinicb.edu.it\/site\/wp-content\/uploads\/2022\/01\/SHOAH-768x409.png 768w, https:\/\/www.icmontinicb.edu.it\/site\/wp-content\/uploads\/2022\/01\/SHOAH-300x160.png 300w, https:\/\/www.icmontinicb.edu.it\/site\/wp-content\/uploads\/2022\/01\/SHOAH-1024x546.png 1024w, https:\/\/www.icmontinicb.edu.it\/site\/wp-content\/uploads\/2022\/01\/SHOAH-1536x819.png 1536w, https:\/\/www.icmontinicb.edu.it\/site\/wp-content\/uploads\/2022\/01\/SHOAH.png 1595w\" sizes=\"(max-width: 768px) 100vw, 768px\" \/><\/div><\/a>\n\t\t\t\t<div class=\"elementor-post__avatar\">\n\t\t\t<img alt='Clementina Di Grappa' src='https:\/\/secure.gravatar.com\/avatar\/89edd567ba9603631a624c53f1a71979b23eeeac1e0931e209d9e9eec08db992?s=128&#038;d=mm&#038;r=g' srcset='https:\/\/secure.gravatar.com\/avatar\/89edd567ba9603631a624c53f1a71979b23eeeac1e0931e209d9e9eec08db992?s=256&#038;d=mm&#038;r=g 2x' class='avatar avatar-128 photo' height='128' width='128' \/>\t\t<\/div>\n\t\t\t\t<div class=\"elementor-post__text\">\n\t\t\t\t<h3 class=\"elementor-post__title\">\n\t\t\t<a href=\"https:\/\/www.icmontinicb.edu.it\/site\/evidenza\/il-giorno-della-memoria-shoah\/\" >\n\t\t\t\tIL GIORNO DELLA MEMORIA &#8211; SHOAH\t\t\t<\/a>\n\t\t<\/h3>\n\t\t\t\t<div class=\"elementor-post__excerpt\">\n\t\t\t<p>Quando i ragazzi entrano in classe e dicono: -Vorremmo suonare qualcosa per il &#8220;Giorno della MEMORIA&#8221;&#8230;-<\/p>\n\t\t<\/div>\n\t\t\n\t\t<a class=\"elementor-post__read-more\" href=\"https:\/\/www.icmontinicb.edu.it\/site\/evidenza\/il-giorno-della-memoria-shoah\/\" aria-label=\"Leggi tutto IL GIORNO DELLA MEMORIA &#8211; SHOAH\" tabindex=\"-1\" >\n\t\t\tLeggi Tutto \u00bb\t\t<\/a>\n\n\t\t\t\t<\/div>\n\t\t\t\t<div class=\"elementor-post__meta-data\">\n\t\t\t\t\t<span class=\"elementor-post-date\">\n\t\t\t27 Gennaio 2022\t\t<\/span>\n\t\t\t\t<\/div>\n\t\t\t\t\t<\/div>\n\t\t<\/article>\n\t\t\t\t<article class=\"elementor-post elementor-grid-item post-11474 post type-post status-publish format-standard hentry category-scuole-per-la-pace category-unesco\" role=\"listitem\">\n\t\t\t<div class=\"elementor-post__card\">\n\t\t\t\t<div class=\"elementor-post__text\">\n\t\t\t\t<h3 class=\"elementor-post__title\">\n\t\t\t<a href=\"https:\/\/www.icmontinicb.edu.it\/site\/scuole-per-la-pace\/scuole-di-pace-e-legalita\/\" >\n\t\t\t\tSCUOLE DI PACE E LEGALIT\u00c0\t\t\t<\/a>\n\t\t<\/h3>\n\t\t\t\t<div class=\"elementor-post__excerpt\">\n\t\t\t<p>La nostra scuola, membro della Rete Nazionale delle Scuole per la Pace, da diversi anni ha dedicato un interesse particolare allo sviluppo ed alla promozione<\/p>\n\t\t<\/div>\n\t\t\n\t\t<a class=\"elementor-post__read-more\" href=\"https:\/\/www.icmontinicb.edu.it\/site\/scuole-per-la-pace\/scuole-di-pace-e-legalita\/\" aria-label=\"Leggi tutto SCUOLE DI PACE E LEGALIT\u00c0\" tabindex=\"-1\" >\n\t\t\tLeggi Tutto \u00bb\t\t<\/a>\n\n\t\t\t\t<\/div>\n\t\t\t\t<div class=\"elementor-post__meta-data\">\n\t\t\t\t\t<span class=\"elementor-post-date\">\n\t\t\t23 Luglio 2021\t\t<\/span>\n\t\t\t\t<\/div>\n\t\t\t\t\t<\/div>\n\t\t<\/article>\n\t\t\t\t<article class=\"elementor-post elementor-grid-item post-10407 post type-post status-publish format-standard hentry category-scuole-per-la-pace\" role=\"listitem\">\n\t\t\t<div class=\"elementor-post__card\">\n\t\t\t\t<div class=\"elementor-post__text\">\n\t\t\t\t<h3 class=\"elementor-post__title\">\n\t\t\t<a href=\"https:\/\/www.icmontinicb.edu.it\/site\/scuole-per-la-pace\/naturalmente-pace\/\" >\n\t\t\t\tNATURALMENTE PACE\t\t\t<\/a>\n\t\t<\/h3>\n\t\t\t\t<div class=\"elementor-post__excerpt\">\n\t\t\t<p>NATURALMENTE PACE<\/p>\n\t\t<\/div>\n\t\t\n\t\t<a class=\"elementor-post__read-more\" href=\"https:\/\/www.icmontinicb.edu.it\/site\/scuole-per-la-pace\/naturalmente-pace\/\" aria-label=\"Leggi tutto NATURALMENTE PACE\" tabindex=\"-1\" >\n\t\t\tLeggi Tutto \u00bb\t\t<\/a>\n\n\t\t\t\t<\/div>\n\t\t\t\t<div class=\"elementor-post__meta-data\">\n\t\t\t\t\t<span class=\"elementor-post-date\">\n\t\t\t14 Dicembre 2020\t\t<\/span>\n\t\t\t\t<\/div>\n\t\t\t\t\t<\/div>\n\t\t<\/article>\n\t\t\t\t<\/div>\n\t\t\n\t\t\t\t<div class=\"e-load-more-anchor\" data-page=\"1\" data-max-page=\"2\" data-next-page=\"https:\/\/www.icmontinicb.edu.it\/site\/wp-json\/wp\/v2\/pages\/10317\/page\/2\/\"><\/div>\n\t\t\t\t<nav class=\"elementor-pagination\" aria-label=\"Paginazione\">\n\t\t\t<span class=\"page-numbers prev\">&laquo; Precedente<\/span>\n<span aria-current=\"page\" class=\"page-numbers current\"><span class=\"elementor-screen-only\">Pagina<\/span>1<\/span>\n<a class=\"page-numbers\" href=\"https:\/\/www.icmontinicb.edu.it\/site\/wp-json\/wp\/v2\/pages\/10317\/page\/2\/\"><span class=\"elementor-screen-only\">Pagina<\/span>2<\/a>\n<a class=\"page-numbers next\" href=\"https:\/\/www.icmontinicb.edu.it\/site\/wp-json\/wp\/v2\/pages\/10317\/page\/2\/\">Successivo &raquo;<\/a>\t\t<\/nav>\n\t\t\t\t\t\t<\/div>\n\t\t\t\t<\/div>\n\t\t\t\t\t<\/div>\n\t\t<\/div>\n\t\t\t\t\t<\/div>\n\t\t<\/section>\n\t\t\t\t<\/div>\n\t\t","protected":false},"excerpt":{"rendered":"","protected":false},"author":1,"featured_media":0,"parent":0,"menu_order":0,"comment_status":"closed","ping_status":"closed","template":"","meta":{"footnotes":""},"class_list":["post-10317","page","type-page","status-publish","hentry"],"_links":{"self":[{"href":"https:\/\/www.icmontinicb.edu.it\/site\/wp-json\/wp\/v2\/pages\/10317","targetHints":{"allow":["GET"]}}],"collection":[{"href":"https:\/\/www.icmontinicb.edu.it\/site\/wp-json\/wp\/v2\/pages"}],"about":[{"href":"https:\/\/www.icmontinicb.edu.it\/site\/wp-json\/wp\/v2\/types\/page"}],"author":[{"embeddable":true,"href":"https:\/\/www.icmontinicb.edu.it\/site\/wp-json\/wp\/v2\/users\/1"}],"replies":[{"embeddable":true,"href":"https:\/\/www.icmontinicb.edu.it\/site\/wp-json\/wp\/v2\/comments?post=10317"}],"version-history":[{"count":0,"href":"https:\/\/www.icmontinicb.edu.it\/site\/wp-json\/wp\/v2\/pages\/10317\/revisions"}],"wp:attachment":[{"href":"https:\/\/www.icmontinicb.edu.it\/site\/wp-json\/wp\/v2\/media?parent=10317"}],"curies":[{"name":"wp","href":"https:\/\/api.w.org\/{rel}","templated":true}]}}